{"id":600,"date":"2023-11-22T10:06:22","date_gmt":"2023-11-22T10:06:22","guid":{"rendered":"http:\/\/trevlo-demo.local\/?page_id=600"},"modified":"2025-01-06T10:28:45","modified_gmt":"2025-01-06T10:28:45","slug":"assistance-voyage","status":"publish","type":"page","link":"https:\/\/antianatravel.com\/en\/assistance-voyage\/","title":{"rendered":"Travel assistance"},"content":{"rendered":"<div data-elementor-type=\"wp-page\" data-elementor-id=\"600\" class=\"elementor elementor-600\" data-elementor-post-type=\"page\">\n\t\t\t\t<div class=\"elementor-element elementor-element-ee1239f e-con-full e-flex e-con e-parent\" data-id=\"ee1239f\" data-element_type=\"container\" data-e-type=\"container\">\n\t\t\t\t<div class=\"elementor-element elementor-element-95b8ab4 elementor-widget elementor-widget-trevlo-about\" data-id=\"95b8ab4\" data-element_type=\"widget\" data-e-type=\"widget\" data-widget_type=\"trevlo-about.default\">\n\t\t\t\t<div class=\"elementor-widget-container\">\n\t\t\t\t\t\r\n\t<!-- Why Choose Two Start -->\r\n\t<section class=\"why-choose-two\">\r\n\t\t<div class=\"container\">\r\n\t\t\t<div class=\"row\">\r\n\t\t\t\t<div class=\"col-lg-6 col-xl-6 wow fadeInLeft\" data-wow-delay=\"200ms\">\r\n\t\t\t\t\t<div class=\"why-choose-two__content\">\r\n\t\t\t\t\t\t<div class=\"sec-title text-left\">\r\n\t\t\t\t\t\t\t<h2 class=\"sec-title__title\">Compensair<\/h2>\t\t\t\t\t\t<\/div><!-- \/.sec-title -->\r\n\t\t\t\t\t\t<p class=\"why-choose-two__text\">Compensair is a UK-based online service that helps air travellers\nreceive up to \u20ac600 in compensation from airlines in the event of delay\ndelays, cancellations or denied boarding. Compensair takes care of all the\npaperwork, airline negotiations and legal proceedings.\nlegal procedures. The brand works with all major airlines and operates on the\non the principle of \u201cno win, no fee\u201d.<\/p>\t\t\t\t\t\t<div class=\"trevlo-progress why-choose-two__progress\">\r\n\t\t\t\t\t\t\t<h4 class=\"trevlo-progress__title\">Professionalisme<\/h4>\r\n\t\t\t\t\t\t\t<div class=\"trevlo-progress__bar\">\r\n\t\t\t\t\t\t\t\t<div class=\"trevlo-progress__inner count-bar counted\" data-percent=\"99%\">\r\n\t\t\t\t\t\t\t\t\t<p class=\"trevlo-progress__number count-text\">99%<\/p>\r\n\t\t\t\t\t\t\t\t<\/div>\r\n\t\t\t\t\t\t\t<\/div>\r\n\t\t\t\t\t\t<\/div><!-- \/.trevlo-progress -->\r\n\t\t\t\t\t\t<div class=\"why-choose-two__box-wrapper\">\r\n\t\t\t\t\t\t\t\t\t\t\t\t\t<\/div><!-- \/.why-choose-two__service -->\r\n\t\t\t\t\t\t\t\t\t\t\t\t\t<a href=\"https:\/\/compensair.tp.st\/vvuZYxjz\"  class=\"trevlo-btn trevlo-btn--base\"><span>Read more<\/span><\/a>\r\n\t\t\t\t\t\t\t\t\t\t\t<\/div><!-- \/.why-choose-two__content -->\r\n\t\t\t\t<\/div><!-- \/.col-lg-6 col-xl-6 -->\r\n\t\t\t\t<div class=\"col-lg-6 col-xl-6\">\r\n\t\t\t\t\t<div class=\"why-choose-two__img\">\r\n\t\t\t\t\t\t<div class=\"why-choose-two__img__one wow fadeInUp\" data-wow-delay=\"200ms\">\r\n\t\t\t\t\t\t\t<div class=\"trevlo-tilt\" data-tilt-options='{ \"glare\": false, \"maxGlare\": 0, \"maxTilt\": 7, \"speed\": 700, \"scale\": 1 }'>\r\n\t\t\t\t\t\t\t\t<img decoding=\"async\" src=\"https:\/\/antianatravel.com\/wp-content\/uploads\/2024\/11\/cover.png\" alt=\"cover\" title=\"cover\" >\t\t\t\t\t\t\t<\/div>\r\n\t\t\t\t\t\t\t<div class=\"trevlo-tilt\" data-tilt-options='{ \"glare\": false, \"maxGlare\": 0, \"maxTilt\": 7, \"speed\": 700, \"scale\": 1 }'>\r\n\t\t\t\t\t\t\t\t<img decoding=\"async\" src=\"https:\/\/antianatravel.com\/wp-content\/uploads\/2024\/11\/jumbotron-bg-new.jpg\" alt=\"xr:d:DAFryDR8no0:32,j:7892959669588631220,t:23083008\" title=\"Compensair main &#8211; 6\" >\t\t\t\t\t\t\t<\/div>\r\n\t\t\t\t\t\t<\/div><!-- \/.why-choose-two__img__one -->\r\n\t\t\t\t\t\t<div class=\"why-choose-two__img__two wow fadeInUp\" data-wow-delay=\"300ms\">\r\n\t\t\t\t\t\t\t<div class=\"trevlo-tilt\" data-tilt-options='{ \"glare\": false, \"maxGlare\": 0, \"maxTilt\": 7, \"speed\": 700, \"scale\": 1 }'>\r\n\t\t\t\t\t\t\t\t<img decoding=\"async\" src=\"https:\/\/antianatravel.com\/wp-content\/uploads\/2024\/10\/Design-sans-titre-15.png\" alt=\"Design sans titre (15)\" title=\"Design sans titre (15)\" >\t\t\t\t\t\t\t<\/div>\r\n\t\t\t\t\t\t\t<div class=\"trevlo-tilt\" data-tilt-options='{ \"glare\": false, \"maxGlare\": 0, \"maxTilt\": 7, \"speed\": 700, \"scale\": 1 }'>\r\n\t\t\t\t\t\t\t\t<img decoding=\"async\" src=\"https:\/\/antianatravel.com\/wp-content\/uploads\/2024\/10\/Design-sans-titre-16.png\" alt=\"Design sans titre (16)\" title=\"Design sans titre (16)\" >\t\t\t\t\t\t\t<\/div>\r\n\t\t\t\t\t\t<\/div><!-- \/.why-choose-two__img__two -->\r\n\t\t\t\t\t<\/div><!-- \/.why-choose-two__img-box -->\r\n\t\t\t\t<\/div><!-- \/.col-lg-6 col-xl-6 -->\r\n\t\t\t<\/div><!-- \/.row -->\r\n\t\t<\/div><!-- \/.container -->\r\n\t<\/section>\r\n\t<!-- Why Choose Two End -->\r\n\t\t\t\t<\/div>\n\t\t\t\t<\/div>\n\t\t\t\t<div class=\"elementor-element elementor-element-f4a7a15 elementor-widget elementor-widget-html\" data-id=\"f4a7a15\" data-element_type=\"widget\" data-e-type=\"widget\" data-widget_type=\"html.default\">\n\t\t\t\t<div class=\"elementor-widget-container\">\n\t\t\t\t\t<script async src=\"https:\/\/c86.travelpayouts.com\/content?\r\n trs=366333&shmarker=580946&locale=fr&width=100&powered_by=false&promo_id=2110\" \r\ncharset=\"utf-8\" async><\/script>\t\t\t\t<\/div>\n\t\t\t\t<\/div>\n\t\t\t\t<\/div>\n\t\t<div class=\"elementor-element elementor-element-d485712 e-flex e-con-boxed e-con e-parent\" data-id=\"d485712\" data-element_type=\"container\" data-e-type=\"container\" data-settings=\"{&quot;background_background&quot;:&quot;classic&quot;,&quot;background_motion_fx_motion_fx_scrolling&quot;:&quot;yes&quot;,&quot;background_motion_fx_motion_fx_mouse&quot;:&quot;yes&quot;,&quot;background_motion_fx_devices&quot;:[&quot;desktop&quot;,&quot;tablet&quot;,&quot;mobile&quot;]}\">\n\t\t\t\t\t<div class=\"e-con-inner\">\n\t\t\t\t<div class=\"elementor-element elementor-element-5e830eb elementor-widget elementor-widget-trevlo-about\" data-id=\"5e830eb\" data-element_type=\"widget\" data-e-type=\"widget\" data-widget_type=\"trevlo-about.default\">\n\t\t\t\t<div class=\"elementor-widget-container\">\n\t\t\t\t\t    <!-- About Start -->\r\n    <section class=\"about-two\">\r\n        <div class=\"container\">\r\n            <div class=\"row\">\r\n                <div class=\"col-xl-6 col-lg-6 wow fadeInLeft\" data-wow-delay=\"200ms\">\r\n                    <div class=\"about-two__image\">\r\n                        <div class=\"about-two__image__one trevlo-tilt\" data-tilt-options='{ \"glare\": false, \"maxGlare\": 0, \"maxTilt\": 3, \"speed\": 700, \"scale\": 1 }'>\r\n                                                    <\/div>\r\n                        <div class=\"about-two__image__two trevlo-tilt\" data-tilt-options='{ \"glare\": false, \"maxGlare\": 0, \"maxTilt\": 2, \"speed\": 700, \"scale\": 1 }'>\r\n                            <img decoding=\"async\" src=\"https:\/\/antianatravel.com\/wp-content\/uploads\/2024\/11\/esim2-01.png\" alt=\"esim2-01\" title=\"esim2-01\" >                            <svg xmlns=\"http:\/\/www.w3.org\/2000\/svg\" viewbox=\"0 0 196 76\">\r\n                                <path d=\"M1 0V4C1 43.2122 32.7878 75 72 75H196\" \/>\r\n                            <\/svg>\r\n                        <\/div>\r\n                        <div class=\"about-two__image__content\">\r\n                            <img decoding=\"async\" src=\"https:\/\/antianatravel.com\/wp-content\/uploads\/2024\/11\/telechargement.jpeg\" alt=\"t\u00e9l\u00e9chargement\" title=\"t\u00e9l\u00e9chargement\" >                            <h5 class=\"about-two__image__content__title\"><\/h5>\r\n                        <\/div>\r\n                    <\/div><!-- \/.about-two__image -->\r\n                <\/div><!-- \/.col-xl-6 col-lg-6 -->\r\n                <div class=\"col-xl-6 col-lg-6 wow fadeInRight\" data-wow-delay=\"200ms\">\r\n                    <div class=\"about-two__content\">\r\n                        <div class=\"sec-title text-left\">\r\n                            <h2 class=\"sec-title__title\">Airalo<\/h2>                        <\/div><!-- \/.sec-title --><!-- \/.sec-title -->\r\n                        <p class=\"about-two__content__text\">Through our partnership with Airalo, Antiana Travel offers eSIM connectivity solutions to keep you connected from the moment you arrive. Airalo simplifies the connection process by removing the need to search for a local SIM card. With their eSIMs covering over 200 destinations worldwide, you can easily activate a data plan from your phone and enjoy the Internet from the moment you arrive. Whether you need to access travel information, keep in touch with loved ones or browse independently, Airalo offers a reliable and cost-effective solution for connectivity without borders.<\/p>                        <ul class=\"about-two__content__list\">\r\n                                                    <\/ul>\r\n                                                    <a href=\"https:\/\/airalo.tp.st\/MGnqEGRe\"  class=\"trevlo-btn trevlo-btn--base\"><span>See the offers<\/span><\/a>\r\n                                            <\/div><!-- \/.about-four__content -->\r\n                <\/div><!-- \/.col-xl-6 col-lg-6 -->\r\n            <\/div><!-- \/.row -->\r\n        <\/div>\r\n    <\/section>\r\n    <!-- About End -->\r\n\t\t\t\t<\/div>\n\t\t\t\t<\/div>\n\t\t\t\t<div class=\"elementor-element elementor-element-43d8535 elementor-widget elementor-widget-html\" data-id=\"43d8535\" data-element_type=\"widget\" data-e-type=\"widget\" data-widget_type=\"html.default\">\n\t\t\t\t<div class=\"elementor-widget-container\">\n\t\t\t\t\t<script async src=\"https:\/\/tp.media\/content?\r\n trs=366333&shmarker=580946&locale=fr&powered_by=false&color_button=\r\n %232681ff&color_focused=%23f2685f&secondary=%23FFFFFF&dark=%2311100f&light=\r\n %23FFFFFF&special=\r\n %23C4C4C4&border_radius=0&plain=false&no_labels=true&promo_id=8588&campaign_id=541\r\n \" charset=\"utf-8\"><\/script>\t\t\t\t<\/div>\n\t\t\t\t<\/div>\n\t\t\t\t\t<\/div>\n\t\t\t\t<\/div>\n\t\t<div class=\"elementor-element elementor-element-806004d e-flex e-con-boxed e-con e-parent\" data-id=\"806004d\" data-element_type=\"container\" data-e-type=\"container\">\n\t\t\t\t\t<div class=\"e-con-inner\">\n\t\t\t\t<div class=\"elementor-element elementor-element-0568d3d elementor-widget elementor-widget-html\" data-id=\"0568d3d\" data-element_type=\"widget\" data-e-type=\"widget\" data-widget_type=\"html.default\">\n\t\t\t\t<div class=\"elementor-widget-container\">\n\t\t\t\t\t <div class=\"sec-title text-center\">\n\n                    <p class=\"sec-title__tagline text-center\">Testimonial<\/p><!-- \/.sec-title__tagline -->\n\n                    <h2 class=\"sec-title__title\"> What our clients <br>\n say ?<\/h2><!-- \/.sec-title__title -->\n                <\/div><!-- \/.sec-title --><!-- \/.sec-title -->\t\t\t\t<\/div>\n\t\t\t\t<\/div>\n\t\t\t\t\t<\/div>\n\t\t\t\t<\/div>\n\t\t<div class=\"elementor-element elementor-element-85820ed e-flex e-con-boxed e-con e-parent\" data-id=\"85820ed\" data-element_type=\"container\" data-e-type=\"container\">\n\t\t\t\t\t<div class=\"e-con-inner\">\n\t\t\t\t<div class=\"elementor-element elementor-element-5e3480a elementor-widget elementor-widget-trevlo-testimonials\" data-id=\"5e3480a\" data-element_type=\"widget\" data-e-type=\"widget\" data-widget_type=\"trevlo-testimonials.default\">\n\t\t\t\t<div class=\"elementor-widget-container\">\n\t\t\t\t\t\r\n    <!-- Testimonial One Start -->\r\n    <section class=\"testimonial-one testimonial-one--home\">\r\n        <div class=\"testimonial-one__bg\" style=\"background-image: url(https:\/\/antianatravel-com.preview-domain.com\/wp-content\/uploads\/2023\/11\/testimonial-1-bg-2.png);\">\r\n        <\/div><!-- \/.testimonial-one__bg -->\r\n        <div class=\"container\">\r\n            <div class=\"sec-title text-center\">\r\n                            <\/div><!-- \/.sec-title --><!-- \/.sec-title -->\r\n        <\/div><!-- \/.container -->\r\n        <div class=\"container\">\r\n            <div class=\"testimonial-one__carousel trevlo-owl__carousel trevlo-owl__carousel--basic-nav trevlo-owl__carousel--with-shadow owl-theme owl-carousel\" data-owl-options='        {        &quot;loop&quot;: true,        &quot;margin&quot;: 30,        &quot;items&quot;: 3        ,&quot;nav&quot;: false                    ,&quot;autoplay&quot;: true            ,&quot;autoplayTimeout&quot;: 5000                            ,&quot;animateOut&quot;: &quot;&quot;            ,&quot;animateIn&quot;: &quot;&quot;                            ,&quot;autoplayHoverPause&quot;: true                        ,&quot;dots&quot;: false        ,&quot;smartSpeed&quot;: 700                    ,            &quot;responsive&quot;:            {                            &quot;0&quot;: {                &quot;margin&quot;: 0,                &quot;items&quot;: 1                },                            &quot;768&quot;: {                &quot;margin&quot;: 30,                &quot;items&quot;: 2                },                            &quot;1200&quot;: {                &quot;margin&quot;: 42,                &quot;items&quot;: 3                }                        }                }    '>\r\n                                    <div class=\"item\">\r\n                        <div class=\"testimonials-card\">\r\n                            <div class=\"testimonials-card__image\">\r\n                                <img decoding=\"async\" src=\"https:\/\/antianatravel.com\/wp-content\/uploads\/2023\/11\/guide-2-4.jpg\" alt=\"alt\" title=\"guide-2-4\" >                            <\/div>\r\n                            <div class=\"testimonials-card__meta\">\r\n                                <h5 class=\"testimonials-card__meta__name\">\r\n                                    Ethan E                                <\/h5>\r\n                                <p class=\"testimonials-card__meta__designation\">Canada<\/p>\r\n                            <\/div><!-- \/.testimonials-card__meta -->\r\n                            <div class=\"testimonials-card__ratings\">\r\n                                                                    <span class=\"icon-star\"><\/span>\r\n                                                                    <span class=\"icon-star\"><\/span>\r\n                                                                    <span class=\"icon-star\"><\/span>\r\n                                                                    <span class=\"icon-star\"><\/span>\r\n                                                                    <span class=\"icon-star\"><\/span>\r\n                                                            <\/div><!-- \/.testimonials-card__ratings -->\r\n                            <div class=\"testimonials-card__quote\">I had a problem with a delayed flight and Antiana Travel's assistance was invaluable. I would highly recommend their services.<\/div><!-- \/.testimonials-card__quote -->\r\n                        <\/div><!-- \/.testimonials-card -->\r\n                    <\/div><!-- \/.owl-slide-item-->\r\n                                    <div class=\"item\">\r\n                        <div class=\"testimonials-card\">\r\n                            <div class=\"testimonials-card__image\">\r\n                                <img decoding=\"async\" src=\"https:\/\/antianatravel.com\/wp-content\/uploads\/2023\/11\/slider-3-author-2.png\" alt=\"alt\" title=\"slider-3-author-2\" >                            <\/div>\r\n                            <div class=\"testimonials-card__meta\">\r\n                                <h5 class=\"testimonials-card__meta__name\">\r\n                                    Sarah M                                <\/h5>\r\n                                <p class=\"testimonials-card__meta__designation\">France<\/p>\r\n                            <\/div><!-- \/.testimonials-card__meta -->\r\n                            <div class=\"testimonials-card__ratings\">\r\n                                                                    <span class=\"icon-star\"><\/span>\r\n                                                                    <span class=\"icon-star\"><\/span>\r\n                                                                    <span class=\"icon-star\"><\/span>\r\n                                                                    <span class=\"icon-star\"><\/span>\r\n                                                                    <span class=\"icon-star\"><\/span>\r\n                                                            <\/div><!-- \/.testimonials-card__ratings -->\r\n                            <div class=\"testimonials-card__quote\">Antiana Travel helped me get compensation after my flight was cancelled. Their team is super responsive and professional<\/div><!-- \/.testimonials-card__quote -->\r\n                        <\/div><!-- \/.testimonials-card -->\r\n                    <\/div><!-- \/.owl-slide-item-->\r\n                                    <div class=\"item\">\r\n                        <div class=\"testimonials-card\">\r\n                            <div class=\"testimonials-card__image\">\r\n                                <img decoding=\"async\" src=\"https:\/\/antianatravel.com\/wp-content\/uploads\/2024\/03\/testimonial-3-1.jpg\" alt=\"testimonial-3-1\" title=\"testimonial-3-1\" >                            <\/div>\r\n                            <div class=\"testimonials-card__meta\">\r\n                                <h5 class=\"testimonials-card__meta__name\">\r\n                                    Emma F                                <\/h5>\r\n                                <p class=\"testimonials-card__meta__designation\">Canada<\/p>\r\n                            <\/div><!-- \/.testimonials-card__meta -->\r\n                            <div class=\"testimonials-card__ratings\">\r\n                                                                    <span class=\"icon-star\"><\/span>\r\n                                                                    <span class=\"icon-star\"><\/span>\r\n                                                                    <span class=\"icon-star\"><\/span>\r\n                                                                    <span class=\"icon-star\"><\/span>\r\n                                                                    <span class=\"icon-star\"><\/span>\r\n                                                            <\/div><!-- \/.testimonials-card__ratings -->\r\n                            <div class=\"testimonials-card__quote\">Antiana Travel's travel assistance really saved my bacon. They are competent and offer a reliable service in the event of flight problems.<\/div><!-- \/.testimonials-card__quote -->\r\n                        <\/div><!-- \/.testimonials-card -->\r\n                    <\/div><!-- \/.owl-slide-item-->\r\n                            <\/div><!-- \/.thm-owl__slider -->\r\n        <\/div><!-- \/.container -->\r\n    <\/section>\r\n    <!-- Testimonial One End -->\r\n\r\n\r\n\t\t\t\t<\/div>\n\t\t\t\t<\/div>\n\t\t\t\t\t<\/div>\n\t\t\t\t<\/div>\n\t\t\t\t<\/div>","protected":false},"excerpt":{"rendered":"<p>Compensair Compensair est un service en ligne bas\u00e9 au Royaume-Uni qui aide les voyageurs a\u00e9riens \u00e0 recevoir jusqu\u2019\u00e0 600 \u20ac d\u2019indemnisation de la part des compagnies a\u00e9riennes en cas de retard, d\u2019annulation ou de refus d\u2019embarquement. Compensair s\u2019occupe de toute la paperasse, des n\u00e9gociations avec les compagnies a\u00e9riennes et des proc\u00e9dures judiciaires. La marque travaille [&hellip;]<\/p>","protected":false},"author":1,"featured_media":0,"parent":0,"menu_order":0,"comment_status":"closed","ping_status":"closed","template":"elementor_header_footer","meta":{"footnotes":""},"class_list":["post-600","page","type-page","status-publish","hentry"],"aioseo_notices":[],"_links":{"self":[{"href":"https:\/\/antianatravel.com\/en\/wp-json\/wp\/v2\/pages\/600"}],"collection":[{"href":"https:\/\/antianatravel.com\/en\/wp-json\/wp\/v2\/pages"}],"about":[{"href":"https:\/\/antianatravel.com\/en\/wp-json\/wp\/v2\/types\/page"}],"author":[{"embeddable":true,"href":"https:\/\/antianatravel.com\/en\/wp-json\/wp\/v2\/users\/1"}],"replies":[{"embeddable":true,"href":"https:\/\/antianatravel.com\/en\/wp-json\/wp\/v2\/comments?post=600"}],"version-history":[{"count":103,"href":"https:\/\/antianatravel.com\/en\/wp-json\/wp\/v2\/pages\/600\/revisions"}],"predecessor-version":[{"id":8404,"href":"https:\/\/antianatravel.com\/en\/wp-json\/wp\/v2\/pages\/600\/revisions\/8404"}],"wp:attachment":[{"href":"https:\/\/antianatravel.com\/en\/wp-json\/wp\/v2\/media?parent=600"}],"curies":[{"name":"wp","href":"https:\/\/api.w.org\/{rel}","templated":true}]}}