{"id":48,"date":"2023-11-21T05:14:06","date_gmt":"2023-11-21T05:14:06","guid":{"rendered":"http:\/\/trevlo-demo.local\/?page_id=48"},"modified":"2025-01-07T09:27:03","modified_gmt":"2025-01-07T09:27:03","slug":"contact","status":"publish","type":"page","link":"https:\/\/antianatravel.com\/en\/contact\/","title":{"rendered":"Contact"},"content":{"rendered":"<div data-elementor-type=\"wp-page\" data-elementor-id=\"48\" class=\"elementor elementor-48\" data-elementor-post-type=\"page\">\n\t\t\t\t<div class=\"elementor-element elementor-element-4ef1493 e-con-full e-flex e-con e-parent\" data-id=\"4ef1493\" data-element_type=\"container\" data-e-type=\"container\">\n\t\t\t\t<div class=\"elementor-element elementor-element-41927c9 elementor-widget elementor-widget-trevlo-contact-form\" data-id=\"41927c9\" data-element_type=\"widget\" data-e-type=\"widget\" data-widget_type=\"trevlo-contact-form.default\">\n\t\t\t\t<div class=\"elementor-widget-container\">\n\t\t\t\t\t\t<section class=\"contact-page section-space-top\">\r\n\t\t<div class=\"container\">\r\n\t\t\t<div class=\"sec-title text-center\">\r\n\t\t\t\t<h5 class=\"sec-title__tagline\">Do you have any questions?<\/h5><h2 class=\"sec-title__title\">Don't hesitate to write to us at any time<\/h2>\t\t\t<\/div><!-- \/.sec-title --><!-- \/.sec-title -->\r\n\t\t\t<div class=\"wpcf7 no-js\" id=\"wpcf7-f4243-o1\" lang=\"en-US\" dir=\"ltr\" data-wpcf7-id=\"4243\">\n<div class=\"screen-reader-response\"><p role=\"status\" aria-live=\"polite\" aria-atomic=\"true\"><\/p> <ul><\/ul><\/div>\n<form action=\"\/en\/wp-json\/wp\/v2\/pages\/48#wpcf7-f4243-o1\" method=\"post\" class=\"wpcf7-form init\" aria-label=\"Contact form\" novalidate=\"novalidate\" data-status=\"init\" data-trp-original-action=\"\/en\/wp-json\/wp\/v2\/pages\/48#wpcf7-f4243-o1\">\n<div style=\"display: none;\">\n<input type=\"hidden\" name=\"_wpcf7\" value=\"4243\" \/>\n<input type=\"hidden\" name=\"_wpcf7_version\" value=\"6.0.6\" \/>\n<input type=\"hidden\" name=\"_wpcf7_locale\" value=\"en_US\" \/>\n<input type=\"hidden\" name=\"_wpcf7_unit_tag\" value=\"wpcf7-f4243-o1\" \/>\n<input type=\"hidden\" name=\"_wpcf7_container_post\" value=\"0\" \/>\n<input type=\"hidden\" name=\"_wpcf7_posted_data_hash\" value=\"\" \/>\n<\/div>\n<div class=\"contact-page__form form-one row gutter-20\">\n    <!-- Nom complet -->\n    <div class=\"col-md-6 wow animated fadeInUp\" data-wow-delay=\"0s\" data-wow-duration=\"1500ms\">\n        <div class=\"form-one__group\">\n            <span class=\"wpcf7-form-control-wrap\" data-name=\"nom-complet\"><input size=\"40\" maxlength=\"400\" class=\"wpcf7-form-control wpcf7-text wpcf7-validates-as-required form-one__input\" aria-required=\"true\" aria-invalid=\"false\" placeholder=\"Full name\" value=\"\" type=\"text\" name=\"nom-complet\" \/><\/span>\n        <\/div>\n    <\/div>\n\n    <!-- Adresse e-mail -->\n    <div class=\"col-md-6 wow animated fadeInUp\" data-wow-delay=\"0.3s\" data-wow-duration=\"1500ms\">\n        <div class=\"form-one__group\">\n            <span class=\"wpcf7-form-control-wrap\" data-name=\"adresse-email\"><input size=\"40\" maxlength=\"400\" class=\"wpcf7-form-control wpcf7-email wpcf7-validates-as-required wpcf7-text wpcf7-validates-as-email form-one__input\" aria-required=\"true\" aria-invalid=\"false\" placeholder=\"E-mail address\" value=\"\" type=\"email\" name=\"adresse-email\" \/><\/span>\n        <\/div>\n    <\/div>\n\n    <!-- Num\u00e9ro de t\u00e9l\u00e9phone -->\n    <div class=\"col-md-6 wow animated fadeInUp\" data-wow-delay=\"0s\" data-wow-duration=\"1500ms\">\n        <div class=\"form-one__group\">\n            <span class=\"wpcf7-form-control-wrap\" data-name=\"numero-telephone\"><input size=\"40\" maxlength=\"400\" class=\"wpcf7-form-control wpcf7-tel wpcf7-validates-as-required wpcf7-text wpcf7-validates-as-tel form-one__input\" aria-required=\"true\" aria-invalid=\"false\" placeholder=\"Telephone number\" value=\"\" type=\"tel\" name=\"numero-telephone\" \/><\/span>\n        <\/div>\n    <\/div>\n\n    <!-- Pays de r\u00e9sidence -->\n    <div class=\"col-md-6 wow animated fadeInUp\" data-wow-delay=\"0.3s\" data-wow-duration=\"1500ms\">\n        <div class=\"form-one__group\">\n            <span class=\"wpcf7-form-control-wrap\" data-name=\"pays-residence\"><select class=\"wpcf7-form-control wpcf7-select wpcf7-validates-as-required form-one__input\" aria-required=\"true\" aria-invalid=\"false\" name=\"pays-residence\"><option value=\"Pays de r\u00e9sidence\">Country of residence<\/option><option value=\"France\">France<\/option><option value=\"Belgique\">Belgium<\/option><option value=\"Suisse\">Switzerland<\/option><option value=\"Autre\">Other<\/option><\/select><\/span>\n        <\/div>\n    <\/div>\n\n    <!-- Type de demande -->\n    <div class=\"col-md-6 wow animated fadeInUp\" data-wow-delay=\"0s\" data-wow-duration=\"1500ms\">\n        <div class=\"form-one__group\">\n            <span class=\"wpcf7-form-control-wrap\" data-name=\"type-demande\"><select class=\"wpcf7-form-control wpcf7-select wpcf7-validates-as-required form-one__input\" aria-required=\"true\" aria-invalid=\"false\" name=\"type-demande\"><option value=\"S\u00e9lectionnez le type de demande\">Select the type of request<\/option><option value=\"Informations sur une r\u00e9servation\">Information about a reservation<\/option><option value=\"Demande d&#039;assistance\">Request for assistance<\/option><option value=\"Questions sur les services\">Questions about services<\/option><option value=\"Autre\">Other<\/option><\/select><\/span>\n        <\/div>\n    <\/div>\n\n    <!-- Autre (pr\u00e9cisez) -->\n    <div class=\"col-md-6 wow animated fadeInUp\" data-wow-delay=\"0.3s\" data-wow-duration=\"1500ms\">\n        <div class=\"form-one__group\">\n            <span class=\"wpcf7-form-control-wrap\" data-name=\"autre-precisez\"><input size=\"40\" maxlength=\"400\" class=\"wpcf7-form-control wpcf7-text form-one__input\" aria-invalid=\"false\" placeholder=\"Other (please specify)\" value=\"\" type=\"text\" name=\"autre-precisez\" \/><\/span>\n        <\/div>\n    <\/div>\n\n\n<!-- Objet de votre message -->\n    <div class=\"col-12 wow animated fadeInUp\" data-wow-delay=\"0.1s\" data-wow-duration=\"1500ms\">\n        <div class=\"form-one__group\">\n            <span class=\"wpcf7-form-control-wrap\" data-name=\"object-message\"><input size=\"40\" maxlength=\"400\" class=\"wpcf7-form-control wpcf7-text wpcf7-validates-as-required form-one__input\" aria-required=\"true\" aria-invalid=\"false\" placeholder=\"Subject of your message\" value=\"\" type=\"text\" name=\"object-message\" \/><\/span>\n        <\/div>\n    <\/div>\n\n\n    <!-- Message -->\n    <div class=\"col-12 wow animated fadeInUp\" data-wow-delay=\"0.1s\" data-wow-duration=\"1500ms\">\n        <div class=\"form-one__group\">\n            <span class=\"wpcf7-form-control-wrap\" data-name=\"message\"><textarea cols=\"40\" rows=\"10\" maxlength=\"2000\" class=\"wpcf7-form-control wpcf7-textarea form-one__message form-one__input\" aria-invalid=\"false\" placeholder=\"Your message here\" name=\"message\"><\/textarea><\/span>\n        <\/div><!-- \/.form-one__group -->\n    <\/div><!-- \/.col-12-->\n\n    <!-- Consentement -->\n    <div class=\"col-12 wow animated fadeInUp\" data-wow-delay=\"0.2s\" data-wow-duration=\"1500ms\">\n        <div class=\"form-one__group\">\n            <span class=\"wpcf7-form-control-wrap\" data-name=\"consentement\"><span class=\"wpcf7-form-control wpcf7-checkbox wpcf7-validates-as-required\"><span class=\"wpcf7-list-item first last\"><input type=\"checkbox\" name=\"consentement[]\" value=\"J\u2019accepte que mes donn\u00e9es soient utilis\u00e9es pour r\u00e9pondre \u00e0 ma demande et que mes informations soient enregistr\u00e9es dans la base de donn\u00e9es d&#039;Antiana Travel.\" \/><span class=\"wpcf7-list-item-label\">I agree that my data may be used to respond to my request and that my information may be stored in Antiana Travel's database.<\/span><\/span><\/span><\/span>\n        <\/div>\n    <\/div>\n\n    <!-- Bouton Soumettre -->\n    <div class=\"col-12 wow animated fadeInUp\" data-wow-delay=\"0.2s\" data-wow-duration=\"1500ms\">\n        <div class=\"form-one__btn-box\">\n            <button type=\"submit\" class=\"form-one__btn trevlo-btn trevlo-btn--base\" style=\"width: 100%;\"><span>Send<\/span><\/button>\n        <\/div>\n    <\/div>\n<\/div><div class=\"wpcf7-response-output\" aria-hidden=\"true\"><\/div>\n<input type=\"hidden\" name=\"trp-form-language\" value=\"en\"\/><\/form>\n<\/div>\t\t<\/div><!-- \/.container -->\r\n\t<\/section>\r\n\t\t\t\t<\/div>\n\t\t\t\t<\/div>\n\t\t\t\t<\/div>\n\t\t<div class=\"elementor-element elementor-element-cb54d1f e-con-full e-flex e-con e-parent\" data-id=\"cb54d1f\" data-element_type=\"container\" data-e-type=\"container\">\n\t\t\t\t<div class=\"elementor-element elementor-element-4fac0e8 elementor-widget elementor-widget-trevlo-contact-info\" data-id=\"4fac0e8\" data-element_type=\"widget\" data-e-type=\"widget\" data-widget_type=\"trevlo-contact-info.default\">\n\t\t\t\t<div class=\"elementor-widget-container\">\n\t\t\t\t\t    <div class=\"contact-page__info\">\r\n        <div class=\"contact-page__info-container container\">\r\n            <div class=\"contact-page__info-top\">\r\n                <p class=\"contact-page__info-top-title\">Contact information<\/p>\r\n            <\/div><!-- \/.contact-page__info-top -->\r\n            <div class=\"contact-page__info-row row\">\r\n                                    <div class=\"col-lg-4 wow animated fadeInUp\" data-wow-delay=\"0s\" data-wow-duration=\"1500ms\">\r\n                        <div class=\"contact-page__info-box\">\r\n                            <div class=\"contact-page__info-icon-box\">\r\n                                <span aria-hidden=\"true\" class=\"icon-phone-1\"><\/span>                            <\/div>\r\n                            <div class=\"contact-page__info-text-box\">\r\n                                <p class=\"contact-page__info-title\">Do you have any questions?<\/p>\r\n                                <h4 class=\"contact-page__info-text contact-page__info-text-link\">+33 6 67 98 78 24<\/h4>                            <\/div>\r\n                        <\/div><!-- \/.contact-page__info-box -->\r\n                    <\/div>\r\n                                    <div class=\"col-lg-4 wow animated fadeInUp\" data-wow-delay=\"0s\" data-wow-duration=\"1500ms\">\r\n                        <div class=\"contact-page__info-box\">\r\n                            <div class=\"contact-page__info-icon-box\">\r\n                                <span aria-hidden=\"true\" class=\"icon-envelope\"><\/span>                            <\/div>\r\n                            <div class=\"contact-page__info-text-box\">\r\n                                <p class=\"contact-page__info-title\">Send us an email<\/p>\r\n                                <h4 class=\"contact-page__info-text contact-page__info-text-link\">antianatravel@gmail<\/h4>                            <\/div>\r\n                        <\/div><!-- \/.contact-page__info-box -->\r\n                    <\/div>\r\n                                    <div class=\"col-lg-4 wow animated fadeInUp\" data-wow-delay=\"0s\" data-wow-duration=\"1500ms\">\r\n                        <div class=\"contact-page__info-box\">\r\n                            <div class=\"contact-page__info-icon-box\">\r\n                                <span aria-hidden=\"true\" class=\"icon-location-2\"><\/span>                            <\/div>\r\n                            <div class=\"contact-page__info-text-box\">\r\n                                <p class=\"contact-page__info-title\">Head office address<\/p>\r\n                                <h4 class=\"contact-page__info-text\">2 Rue Marcel et Paulette Nicollin, 69190 Saint-Fons, France<\/h4>                            <\/div>\r\n                        <\/div><!-- \/.contact-page__info-box -->\r\n                    <\/div>\r\n                            <\/div><!-- \/.row -->\r\n        <\/div><!-- \/.container -->\r\n    <\/div><!-- \/.contact-page__info -->\r\n\t\t\t\t<\/div>\n\t\t\t\t<\/div>\n\t\t\t\t<\/div>\n\t\t<div class=\"elementor-element elementor-element-8762009 e-con-full e-flex e-con e-parent\" data-id=\"8762009\" data-element_type=\"container\" data-e-type=\"container\">\n\t\t\t\t<div class=\"elementor-element elementor-element-eb14f32 elementor-widget elementor-widget-google_maps\" data-id=\"eb14f32\" data-element_type=\"widget\" data-e-type=\"widget\" data-widget_type=\"google_maps.default\">\n\t\t\t\t<div class=\"elementor-widget-container\">\n\t\t\t\t\t\t\t<div class=\"elementor-custom-embed\">\n\t\t\t<iframe loading=\"lazy\"\n\t\t\t\t\tsrc=\"https:\/\/maps.google.com\/maps?q=2%20Rue%20Marcel%20et%20Paulette%20Nicollin%2C%2069190%20Saint-Fons%2C%20France&#038;t=m&#038;z=15&#038;output=embed&#038;iwloc=near\"\n\t\t\t\t\ttitle=\"2 Rue Marcel et Paulette Nicollin, 69190 Saint-Fons, France\"\n\t\t\t\t\taria-label=\"2 Rue Marcel et Paulette Nicollin, 69190 Saint-Fons, France\"\n\t\t\t><\/iframe>\n\t\t<\/div>\n\t\t\t\t\t\t<\/div>\n\t\t\t\t<\/div>\n\t\t\t\t<\/div>\n\t\t\t\t<\/div>","protected":false},"excerpt":{"rendered":"<p>Vous avez des questions ? N&rsquo;h\u00e9sitez pas \u00e0 nous \u00e9crire \u00e0 tout moment Pays de r\u00e9sidenceFranceBelgiqueSuisseAutre S\u00e9lectionnez le type de demandeInformations sur une r\u00e9servationDemande d&#039;assistanceQuestions sur les servicesAutre J\u2019accepte que mes donn\u00e9es soient utilis\u00e9es pour r\u00e9pondre \u00e0 ma demande et que mes informations soient enregistr\u00e9es dans la base de donn\u00e9es d&#039;Antiana Travel. Envoyer Informations de [&hellip;]<\/p>","protected":false},"author":1,"featured_media":0,"parent":0,"menu_order":0,"comment_status":"closed","ping_status":"closed","template":"elementor_header_footer","meta":{"footnotes":""},"class_list":["post-48","page","type-page","status-publish","hentry"],"aioseo_notices":[],"_links":{"self":[{"href":"https:\/\/antianatravel.com\/en\/wp-json\/wp\/v2\/pages\/48"}],"collection":[{"href":"https:\/\/antianatravel.com\/en\/wp-json\/wp\/v2\/pages"}],"about":[{"href":"https:\/\/antianatravel.com\/en\/wp-json\/wp\/v2\/types\/page"}],"author":[{"embeddable":true,"href":"https:\/\/antianatravel.com\/en\/wp-json\/wp\/v2\/users\/1"}],"replies":[{"embeddable":true,"href":"https:\/\/antianatravel.com\/en\/wp-json\/wp\/v2\/comments?post=48"}],"version-history":[{"count":27,"href":"https:\/\/antianatravel.com\/en\/wp-json\/wp\/v2\/pages\/48\/revisions"}],"predecessor-version":[{"id":8449,"href":"https:\/\/antianatravel.com\/en\/wp-json\/wp\/v2\/pages\/48\/revisions\/8449"}],"wp:attachment":[{"href":"https:\/\/antianatravel.com\/en\/wp-json\/wp\/v2\/media?parent=48"}],"curies":[{"name":"wp","href":"https:\/\/api.w.org\/{rel}","templated":true}]}}