{"id":2620,"date":"2023-11-21T04:50:01","date_gmt":"2023-11-21T04:50:01","guid":{"rendered":"http:\/\/trevlo-demo.local\/cart\/"},"modified":"2024-11-25T11:33:58","modified_gmt":"2024-11-25T11:33:58","slug":"hebergements","status":"publish","type":"page","link":"https:\/\/antianatravel.com\/en\/hebergements\/","title":{"rendered":"Flight and accommodation"},"content":{"rendered":"<div data-elementor-type=\"wp-page\" data-elementor-id=\"2620\" class=\"elementor elementor-2620\" data-elementor-post-type=\"page\">\n\t\t\t\t<div class=\"elementor-element elementor-element-4791aa6 e-flex e-con-boxed e-con e-parent\" data-id=\"4791aa6\" data-element_type=\"container\" data-e-type=\"container\">\n\t\t\t\t\t<div class=\"e-con-inner\">\n\t\t<div class=\"elementor-element elementor-element-d4c26a2 e-con-full e-flex e-con e-child\" data-id=\"d4c26a2\" data-element_type=\"container\" data-e-type=\"container\">\n\t\t\t\t<div class=\"elementor-element elementor-element-af014dd elementor-widget elementor-widget-trevlo-about\" data-id=\"af014dd\" data-element_type=\"widget\" data-e-type=\"widget\" data-widget_type=\"trevlo-about.default\">\n\t\t\t\t<div class=\"elementor-widget-container\">\n\t\t\t\t\t    <!-- About Start -->\r\n    <section class=\"about-two\">\r\n        <div class=\"container\">\r\n            <div class=\"row\">\r\n                <div class=\"col-xl-6 col-lg-6 wow fadeInLeft\" data-wow-delay=\"200ms\">\r\n                    <div class=\"about-two__image\">\r\n                        <div class=\"about-two__image__one trevlo-tilt\" data-tilt-options='{ \"glare\": false, \"maxGlare\": 0, \"maxTilt\": 3, \"speed\": 700, \"scale\": 1 }'>\r\n                            <img decoding=\"async\" src=\"https:\/\/antianatravel.com\/wp-content\/uploads\/2024\/11\/hostel-icon2-01.png\" alt=\"hostel-icon2-01\" title=\"hostel-icon2-01\" >                        <\/div>\r\n                        <div class=\"about-two__image__two trevlo-tilt\" data-tilt-options='{ \"glare\": false, \"maxGlare\": 0, \"maxTilt\": 2, \"speed\": 700, \"scale\": 1 }'>\r\n                            <img decoding=\"async\" src=\"https:\/\/antianatravel.com\/wp-content\/uploads\/2024\/11\/about-2-2.jpg\" alt=\"about-2-2\" title=\"about-2-2\" >                            <svg xmlns=\"http:\/\/www.w3.org\/2000\/svg\" viewbox=\"0 0 196 76\">\r\n                                <path d=\"M1 0V4C1 43.2122 32.7878 75 72 75H196\" \/>\r\n                            <\/svg>\r\n                        <\/div>\r\n                        <div class=\"about-two__image__content\">\r\n                                                        <h5 class=\"about-two__image__content__title\"><\/h5>\r\n                        <\/div>\r\n                    <\/div><!-- \/.about-two__image -->\r\n                <\/div><!-- \/.col-xl-6 col-lg-6 -->\r\n                <div class=\"col-xl-6 col-lg-6 wow fadeInRight\" data-wow-delay=\"200ms\">\r\n                    <div class=\"about-two__content\">\r\n                        <div class=\"sec-title text-left\">\r\n                            <p class=\"sec-title__tagline\">Antiana travel <\/p><h2 class=\"sec-title__title\">Cheap flights and reliable accommodation<\/h2>                        <\/div><!-- \/.sec-title --><!-- \/.sec-title -->\r\n                        <p class=\"about-two__content__text\">In partnership with Trip.com, Antiana Travel makes it easy to plan your trip, from finding a cheap flight to reliable accommodation. Easily compare thousands of flight options at the best fares, with flexible itineraries to suit your needs. When it comes to accommodation, access a vast selection - hotels, hostels, flats and much more - at the most competitive prices and with reliable reviews. Whether you're planning a business trip, a family holiday or a once-in-a-lifetime adventure, Trip.com offers a seamless booking experience you can trust.<\/p>                        <ul class=\"about-two__content__list\">\r\n                                                    <\/ul>\r\n                                            <\/div><!-- \/.about-four__content -->\r\n                <\/div><!-- \/.col-xl-6 col-lg-6 -->\r\n            <\/div><!-- \/.row -->\r\n        <\/div>\r\n    <\/section>\r\n    <!-- About End -->\r\n\t\t\t\t<\/div>\n\t\t\t\t<\/div>\n\t\t\t\t<\/div>\n\t\t\t\t\t<\/div>\n\t\t\t\t<\/div>\n\t\t<div class=\"elementor-element elementor-element-a6ff539 e-con-full e-flex e-con e-parent\" data-id=\"a6ff539\" data-element_type=\"container\" data-e-type=\"container\" data-settings=\"{&quot;background_background&quot;:&quot;classic&quot;}\">\n\t\t<div class=\"elementor-element elementor-element-22fe0cd e-con-full e-flex e-con e-child\" data-id=\"22fe0cd\" data-element_type=\"container\" data-e-type=\"container\" data-settings=\"{&quot;background_background&quot;:&quot;classic&quot;}\">\n\t\t\t\t<div class=\"elementor-element elementor-element-93849a2 elementor-invisible elementor-widget elementor-widget-heading\" data-id=\"93849a2\" data-element_type=\"widget\" data-e-type=\"widget\" data-settings=\"{&quot;_animation&quot;:&quot;fadeIn&quot;}\" data-widget_type=\"heading.default\">\n\t\t\t\t<div class=\"elementor-widget-container\">\n\t\t\t\t\t<h1 class=\"elementor-heading-title elementor-size-default\">Trip.com<\/h1>\t\t\t\t<\/div>\n\t\t\t\t<\/div>\n\t\t\t\t<div class=\"elementor-element elementor-element-56ae0bc elementor-drop-cap-yes elementor-drop-cap-view-default elementor-invisible elementor-widget elementor-widget-text-editor\" data-id=\"56ae0bc\" data-element_type=\"widget\" data-e-type=\"widget\" data-settings=\"{&quot;_animation&quot;:&quot;fadeIn&quot;,&quot;_animation_delay&quot;:200,&quot;drop_cap&quot;:&quot;yes&quot;}\" data-widget_type=\"text-editor.default\">\n\t\t\t\t<div class=\"elementor-widget-container\">\n\t\t\t\t\t\t\t\t\t<p>Trip.com est l&rsquo;une des principales plateformes mondiales de r\u00e9servation de voyages, d\u00e9di\u00e9e \u00e0 rendre chaque \u00e9tape de votre p\u00e9riple simple, efficace et \u00e9conomique. Que vous planifiiez une escapade de derni\u00e8re minute, un voyage d&rsquo;affaires ou des vacances de r\u00eave, Trip.com propose une solution compl\u00e8te et personnalis\u00e9e pour r\u00e9pondre \u00e0 tous vos besoins. Avec Trip.com, vous avez acc\u00e8s \u00e0 un vaste r\u00e9seau mondial regroupant des millions de partenaires. La plateforme vous permet de rechercher et de r\u00e9server des vols \u00e0 des prix comp\u00e9titifs, des h\u00f4tels confortables adapt\u00e9s \u00e0 tous les budgets, des trains pour explorer les r\u00e9gions locales, et m\u00eame des locations de voiture pour plus de libert\u00e9 dans vos d\u00e9placements.<\/p><p>L&rsquo;interface conviviale de Trip.com, combin\u00e9e \u00e0 des outils puissants, vous aide \u00e0 comparer les options, \u00e0 trouver les meilleures offres et \u00e0 r\u00e9server en quelques clics seulement. Gr\u00e2ce \u00e0 ses programmes de fid\u00e9lit\u00e9 et ses promotions r\u00e9guli\u00e8res, vous b\u00e9n\u00e9ficiez d&rsquo;\u00e9conomies substantielles tout en profitant d&rsquo;un service de qualit\u00e9 sup\u00e9rieure.<\/p>\t\t\t\t\t\t\t\t<\/div>\n\t\t\t\t<\/div>\n\t\t\t\t<div class=\"elementor-element elementor-element-a6ba68c elementor-align-center elementor-invisible elementor-widget elementor-widget-button\" data-id=\"a6ba68c\" data-element_type=\"widget\" data-e-type=\"widget\" data-settings=\"{&quot;_animation&quot;:&quot;fadeIn&quot;,&quot;_animation_delay&quot;:400}\" data-widget_type=\"button.default\">\n\t\t\t\t<div class=\"elementor-widget-container\">\n\t\t\t\t\t\t\t\t\t<div class=\"elementor-button-wrapper\">\n\t\t\t\t\t<a class=\"elementor-button elementor-button-link elementor-size-sm\" href=\"https:\/\/trip.tp.st\/dQFxnqXr\">\n\t\t\t\t\t\t<span class=\"elementor-button-content-wrapper\">\n\t\t\t\t\t\t\t\t\t<span class=\"elementor-button-text\">See offers on Trip.com<\/span>\n\t\t\t\t\t<\/span>\n\t\t\t\t\t<\/a>\n\t\t\t\t<\/div>\n\t\t\t\t\t\t\t\t<\/div>\n\t\t\t\t<\/div>\n\t\t\t\t<\/div>\n\t\t<div class=\"elementor-element elementor-element-8aef02f e-con-full e-flex e-con e-child\" data-id=\"8aef02f\" data-element_type=\"container\" data-e-type=\"container\" data-settings=\"{&quot;background_background&quot;:&quot;classic&quot;}\">\n\t\t\t\t<\/div>\n\t\t\t\t<\/div>\n\t\t<div class=\"elementor-element elementor-element-e43eae0 e-flex e-con-boxed e-con e-parent\" data-id=\"e43eae0\" data-element_type=\"container\" data-e-type=\"container\">\n\t\t\t\t\t<div class=\"e-con-inner\">\n\t\t\t\t<div class=\"elementor-element elementor-element-3d44298 elementor-widget elementor-widget-html\" data-id=\"3d44298\" data-element_type=\"widget\" data-e-type=\"widget\" data-widget_type=\"html.default\">\n\t\t\t\t<div class=\"elementor-widget-container\">\n\t\t\t\t\t <div class=\"sec-title text-center\">\r\n\r\n                    <p class=\"sec-title__tagline text-center\">Compare, book and stay!<\/p><!-- \/.sec-title__tagline -->\r\n\r\n                    <h2 class=\"sec-title__title\"> Find the ideal hotel for your stay<\/h2><!-- \/.sec-title__title -->\r\n                     <p class=\"text-center\">With Trip.com, find the most affordable hotels for all your destinations. Benefit from a wide selection of options <br\/> and competitive prices for a comfortable, stress-free stay.\r\n\r\n\r\n<\/p>\r\n                <\/div><!-- \/.sec-title --><!-- \/.sec-title -->\r\n               \t\t\t\t<\/div>\n\t\t\t\t<\/div>\n\t\t\t\t<div class=\"elementor-element elementor-element-d54ec36 elementor-widget elementor-widget-html\" data-id=\"d54ec36\" data-element_type=\"widget\" data-e-type=\"widget\" data-widget_type=\"html.default\">\n\t\t\t\t<div class=\"elementor-widget-container\">\n\t\t\t\t\t<script async src=\"https:\/\/c121.travelpayouts.com\/content?\r\n trs=366333&shmarker=580946&lang=fr&layout=S10391&powered_by=true&promo_id=4038\" \r\ncharset=\"utf-8\"><\/script>\t\t\t\t<\/div>\n\t\t\t\t<\/div>\n\t\t\t\t\t<\/div>\n\t\t\t\t<\/div>\n\t\t<div class=\"elementor-element elementor-element-964a14a e-flex e-con-boxed e-con e-parent\" data-id=\"964a14a\" data-element_type=\"container\" data-e-type=\"container\">\n\t\t\t\t\t<div class=\"e-con-inner\">\n\t\t\t\t<div class=\"elementor-element elementor-element-f1e95bf elementor-widget elementor-widget-html\" data-id=\"f1e95bf\" data-element_type=\"widget\" data-e-type=\"widget\" data-widget_type=\"html.default\">\n\t\t\t\t<div class=\"elementor-widget-container\">\n\t\t\t\t\t <div class=\"sec-title text-center\">\r\n\r\n                    <p class=\"sec-title__tagline text-center\">Compare, save, travel!<\/p><!-- \/.sec-title__tagline -->\r\n\r\n                    <h2 class=\"sec-title__title\"> Find cheap flights<\/h2><!-- \/.sec-title__title -->\r\n                     <p class=\"text-center\">With Trip.com, find the most affordable flights to all your destinations. Take advantage of a wide choice of options <br\/>and competitive fares so you can travel with complete peace of mind.\r\n\r\n\r\n<\/p>\r\n                <\/div><!-- \/.sec-title --><!-- \/.sec-title -->\r\n               \t\t\t\t<\/div>\n\t\t\t\t<\/div>\n\t\t\t\t<div class=\"elementor-element elementor-element-3475172 elementor-widget elementor-widget-html\" data-id=\"3475172\" data-element_type=\"widget\" data-e-type=\"widget\" data-widget_type=\"html.default\">\n\t\t\t\t<div class=\"elementor-widget-container\">\n\t\t\t\t\t<script async src=\"https:\/\/tp.media\/content?\r\n trs=366333&shmarker=580946&locale=fr&curr=EUR&powered_by=false&border_radius=0&plai\r\n n=true&color_button=%232681ff&color_button_text=%23ffffff&color_border=\r\n %232681ff&promo_id=4132&campaign_id=121\" charset=\"utf-8\"><\/script>\t\t\t\t<\/div>\n\t\t\t\t<\/div>\n\t\t\t\t\t<\/div>\n\t\t\t\t<\/div>\n\t\t<div class=\"elementor-element elementor-element-3f673bf e-flex e-con-boxed e-con e-parent\" data-id=\"3f673bf\" data-element_type=\"container\" data-e-type=\"container\">\n\t\t\t\t\t<div class=\"e-con-inner\">\n\t\t\t\t<div class=\"elementor-element elementor-element-6b5d989 elementor-widget elementor-widget-html\" data-id=\"6b5d989\" data-element_type=\"widget\" data-e-type=\"widget\" data-widget_type=\"html.default\">\n\t\t\t\t<div class=\"elementor-widget-container\">\n\t\t\t\t\t <div class=\"sec-title text-center\">\r\n\r\n                    <p class=\"sec-title__tagline text-center\">Guaranteed best prices<\/p><!-- \/.sec-title__tagline -->\r\n\r\n                    <h2 class=\"sec-title__title\"> Why book flights <br\/> with Trip.com?<\/h2><!-- \/.sec-title__title -->\r\n                <\/div><!-- \/.sec-title --><!-- \/.sec-title -->\t\t\t\t<\/div>\n\t\t\t\t<\/div>\n\t\t<div class=\"elementor-element elementor-element-f17246f e-con-full e-flex e-con e-child\" data-id=\"f17246f\" data-element_type=\"container\" data-e-type=\"container\">\n\t\t<div class=\"elementor-element elementor-element-f0e821c e-con-full e-flex e-con e-child\" data-id=\"f0e821c\" data-element_type=\"container\" data-e-type=\"container\" data-settings=\"{&quot;animation&quot;:&quot;none&quot;,&quot;animation_delay&quot;:100}\">\n\t\t\t\t<div class=\"elementor-element elementor-element-134f262 elementor-view-framed elementor-shape-circle elementor-widget elementor-widget-icon\" data-id=\"134f262\" data-element_type=\"widget\" data-e-type=\"widget\" data-widget_type=\"icon.default\">\n\t\t\t\t<div class=\"elementor-widget-container\">\n\t\t\t\t\t\t\t<div class=\"elementor-icon-wrapper\">\n\t\t\t<div class=\"elementor-icon\">\n\t\t\t<i aria-hidden=\"true\" class=\"fas fa-hotel\"><\/i>\t\t\t<\/div>\n\t\t<\/div>\n\t\t\t\t\t\t<\/div>\n\t\t\t\t<\/div>\n\t\t\t\t<div class=\"elementor-element elementor-element-184229f elementor-cta--valign-middle elementor-cta--skin-classic elementor-animated-content elementor-bg-transform elementor-bg-transform-zoom-in elementor-widget elementor-widget-call-to-action\" data-id=\"184229f\" data-element_type=\"widget\" data-e-type=\"widget\" data-widget_type=\"call-to-action.default\">\n\t\t\t\t<div class=\"elementor-widget-container\">\n\t\t\t\t\t\t\t<div class=\"elementor-cta\">\n\t\t\t\t\t\t\t<div class=\"elementor-cta__content\">\n\t\t\t\t\n\t\t\t\t\t\t\t\t\t<h3 class=\"elementor-cta__title elementor-cta__content-item elementor-content-item\">\n\t\t\t\t\t\tA wide selection of accommodation\t\t\t\t\t<\/h3>\n\t\t\t\t\n\t\t\t\t\t\t\t\t\t<div class=\"elementor-cta__description elementor-cta__content-item elementor-content-item\">\n\t\t\t\t\t\tOver 5 million hotels in 230 countries and regions, to suit all budgets, from youth hostels to luxury hotels.\t\t\t\t\t<\/div>\n\t\t\t\t\n\t\t\t\t\t\t\t<\/div>\n\t\t\t\t\t\t<\/div>\n\t\t\t\t\t\t<\/div>\n\t\t\t\t<\/div>\n\t\t\t\t<\/div>\n\t\t<div class=\"elementor-element elementor-element-f09b05f e-con-full e-flex e-con e-child\" data-id=\"f09b05f\" data-element_type=\"container\" data-e-type=\"container\" data-settings=\"{&quot;animation&quot;:&quot;none&quot;,&quot;animation_delay&quot;:100}\">\n\t\t\t\t<div class=\"elementor-element elementor-element-a23fbc9 elementor-view-framed elementor-shape-circle elementor-widget elementor-widget-icon\" data-id=\"a23fbc9\" data-element_type=\"widget\" data-e-type=\"widget\" data-widget_type=\"icon.default\">\n\t\t\t\t<div class=\"elementor-widget-container\">\n\t\t\t\t\t\t\t<div class=\"elementor-icon-wrapper\">\n\t\t\t<div class=\"elementor-icon\">\n\t\t\t<i aria-hidden=\"true\" class=\"fas fa-euro-sign\"><\/i>\t\t\t<\/div>\n\t\t<\/div>\n\t\t\t\t\t\t<\/div>\n\t\t\t\t<\/div>\n\t\t\t\t<div class=\"elementor-element elementor-element-2311cae elementor-cta--valign-middle elementor-cta--skin-classic elementor-animated-content elementor-bg-transform elementor-bg-transform-zoom-in elementor-widget elementor-widget-call-to-action\" data-id=\"2311cae\" data-element_type=\"widget\" data-e-type=\"widget\" data-widget_type=\"call-to-action.default\">\n\t\t\t\t<div class=\"elementor-widget-container\">\n\t\t\t\t\t\t\t<div class=\"elementor-cta\">\n\t\t\t\t\t\t\t<div class=\"elementor-cta__content\">\n\t\t\t\t\n\t\t\t\t\t\t\t\t\t<h3 class=\"elementor-cta__title elementor-cta__content-item elementor-content-item\">\n\t\t\t\t\t\tBest price guaranteed \t\t\t\t\t<\/h3>\n\t\t\t\t\n\t\t\t\t\t\t\t\t\t<div class=\"elementor-cta__description elementor-cta__content-item elementor-content-item\">\n\t\t\t\t\t\tTake advantage of our price match guarantee and refund policy if you find a lower rate elsewhere. Plus, earn Trip-Coins to save on future bookings.\t\t\t\t\t<\/div>\n\t\t\t\t\n\t\t\t\t\t\t\t<\/div>\n\t\t\t\t\t\t<\/div>\n\t\t\t\t\t\t<\/div>\n\t\t\t\t<\/div>\n\t\t\t\t<\/div>\n\t\t<div class=\"elementor-element elementor-element-965e629 e-con-full e-flex e-con e-child\" data-id=\"965e629\" data-element_type=\"container\" data-e-type=\"container\" data-settings=\"{&quot;animation&quot;:&quot;none&quot;,&quot;animation_delay&quot;:100}\">\n\t\t\t\t<div class=\"elementor-element elementor-element-64e6f0b elementor-view-framed elementor-shape-circle elementor-widget elementor-widget-icon\" data-id=\"64e6f0b\" data-element_type=\"widget\" data-e-type=\"widget\" data-widget_type=\"icon.default\">\n\t\t\t\t<div class=\"elementor-widget-container\">\n\t\t\t\t\t\t\t<div class=\"elementor-icon-wrapper\">\n\t\t\t<div class=\"elementor-icon\">\n\t\t\t<i aria-hidden=\"true\" class=\"trevlo-one-icon-travel\"><\/i>\t\t\t<\/div>\n\t\t<\/div>\n\t\t\t\t\t\t<\/div>\n\t\t\t\t<\/div>\n\t\t\t\t<div class=\"elementor-element elementor-element-510c754 elementor-cta--valign-middle elementor-cta--skin-classic elementor-animated-content elementor-bg-transform elementor-bg-transform-zoom-in elementor-widget elementor-widget-call-to-action\" data-id=\"510c754\" data-element_type=\"widget\" data-e-type=\"widget\" data-widget_type=\"call-to-action.default\">\n\t\t\t\t<div class=\"elementor-widget-container\">\n\t\t\t\t\t\t\t<div class=\"elementor-cta\">\n\t\t\t\t\t\t\t<div class=\"elementor-cta__content\">\n\t\t\t\t\n\t\t\t\t\t\t\t\t\t<h3 class=\"elementor-cta__title elementor-cta__content-item elementor-content-item\">\n\t\t\t\t\t\tEasy to book flights\t\t\t\t\t<\/h3>\n\t\t\t\t\n\t\t\t\t\t\t\t\t\t<div class=\"elementor-cta__description elementor-cta__content-item elementor-content-item\">\n\t\t\t\t\t\tSearch and compare flights from thousands of airlines, with options to suit your needs and budget, all with customer service available at all times.\t\t\t\t\t<\/div>\n\t\t\t\t\n\t\t\t\t\t\t\t<\/div>\n\t\t\t\t\t\t<\/div>\n\t\t\t\t\t\t<\/div>\n\t\t\t\t<\/div>\n\t\t\t\t<\/div>\n\t\t\t\t<\/div>\n\t\t\t\t\t<\/div>\n\t\t\t\t<\/div>\n\t\t\t\t<\/div>","protected":false},"excerpt":{"rendered":"<p>Antiana travel Vols par chers et H\u00e9bergements fiables En partenariat avec Trip.com, Antiana Travel vous simplifie la planification de vos voyages, qu\u2019il s\u2019agisse de trouver un vol pas cher ou un h\u00e9bergement fiable. Comparez facilement des milliers d\u2019options de vols aux meilleurs tarifs, avec des itin\u00e9raires flexibles pour r\u00e9pondre \u00e0 vos besoins. C\u00f4t\u00e9 h\u00e9bergement, acc\u00e9dez [&hellip;]<\/p>","protected":false},"author":1,"featured_media":3959,"parent":0,"menu_order":0,"comment_status":"closed","ping_status":"closed","template":"elementor_header_footer","meta":{"footnotes":""},"class_list":["post-2620","page","type-page","status-publish","has-post-thumbnail","hentry"],"aioseo_notices":[],"_links":{"self":[{"href":"https:\/\/antianatravel.com\/en\/wp-json\/wp\/v2\/pages\/2620"}],"collection":[{"href":"https:\/\/antianatravel.com\/en\/wp-json\/wp\/v2\/pages"}],"about":[{"href":"https:\/\/antianatravel.com\/en\/wp-json\/wp\/v2\/types\/page"}],"author":[{"embeddable":true,"href":"https:\/\/antianatravel.com\/en\/wp-json\/wp\/v2\/users\/1"}],"replies":[{"embeddable":true,"href":"https:\/\/antianatravel.com\/en\/wp-json\/wp\/v2\/comments?post=2620"}],"version-history":[{"count":315,"href":"https:\/\/antianatravel.com\/en\/wp-json\/wp\/v2\/pages\/2620\/revisions"}],"predecessor-version":[{"id":4801,"href":"https:\/\/antianatravel.com\/en\/wp-json\/wp\/v2\/pages\/2620\/revisions\/4801"}],"wp:featuredmedia":[{"embeddable":true,"href":"https:\/\/antianatravel.com\/en\/wp-json\/wp\/v2\/media\/3959"}],"wp:attachment":[{"href":"https:\/\/antianatravel.com\/en\/wp-json\/wp\/v2\/media?parent=2620"}],"curies":[{"name":"wp","href":"https:\/\/api.w.org\/{rel}","templated":true}]}}