{"id":1127,"date":"2023-11-25T09:45:12","date_gmt":"2023-11-25T09:45:12","guid":{"rendered":"http:\/\/trevlo-demo.local\/?page_id=1127"},"modified":"2024-11-08T10:02:13","modified_gmt":"2024-11-08T10:02:13","slug":"notre-blog","status":"publish","type":"page","link":"https:\/\/antianatravel.com\/en\/notre-blog\/","title":{"rendered":"Our Blog"},"content":{"rendered":"<div data-elementor-type=\"wp-page\" data-elementor-id=\"1127\" class=\"elementor elementor-1127\" data-elementor-post-type=\"page\">\n\t\t\t\t<div class=\"elementor-element elementor-element-eedf485 e-flex e-con-boxed e-con e-parent\" data-id=\"eedf485\" data-element_type=\"container\" data-e-type=\"container\">\n\t\t\t\t\t<div class=\"e-con-inner\">\n\t\t\t\t<div class=\"elementor-element elementor-element-d6f22c6 elementor-widget elementor-widget-html\" data-id=\"d6f22c6\" data-element_type=\"widget\" data-e-type=\"widget\" data-widget_type=\"html.default\">\n\t\t\t\t<div class=\"elementor-widget-container\">\n\t\t\t\t\t <div class=\"sec-title text-center\">\r\n\r\n                    <p class=\"sec-title__tagline text-center\">Inspiration, advice and ideas<\/p><!-- \/.sec-title__tagline -->\r\n\r\n                    <h2 class=\"sec-title__title\"> Everything you need to plan <br> des voyages inoubliables<\/h2><!-- \/.sec-title__title -->\r\n                                     <\/div><!-- \/.sec-title --><!-- \/.sec-title -->\r\n               \t\t\t\t<\/div>\n\t\t\t\t<\/div>\n\t\t\t\t\t<\/div>\n\t\t\t\t<\/div>\n\t\t<div class=\"elementor-element elementor-element-177d26a e-con-full e-flex e-con e-parent\" data-id=\"177d26a\" data-element_type=\"container\" data-e-type=\"container\">\n\t\t\t\t<div class=\"elementor-element elementor-element-b7b194a elementor-widget elementor-widget-trevlo-blog\" data-id=\"b7b194a\" data-element_type=\"widget\" data-e-type=\"widget\" data-widget_type=\"trevlo-blog.default\">\n\t\t\t\t<div class=\"elementor-widget-container\">\n\t\t\t\t\t\t<!-- Blog Page Start -->\r\n\t<div class=\"blog-page section-space\">\r\n\t\t<div class=\"container\">\r\n\t\t\t<div class=\"row\">\r\n\t\t\t\t\t\t\t\t\t<div class=\"col-md-6 col-xl-4 wow animated fadeInUp\" data-wow-delay=\"0.1s\" data-wow-duration=\"1500ms\">\r\n\t\t\t\t\t\t<div class=\"blog-card\">\r\n\t\t\t\t\t\t\t<a href=\"https:\/\/antianatravel.com\/en\/reves-de-sakura-et-contes-de-samourai\/\" class=\"blog-card__image-link\">\r\n\t\t\t\t\t\t\t\t<img fetchpriority=\"high\" decoding=\"async\" width=\"370\" height=\"491\" src=\"https:\/\/antianatravel.com\/wp-content\/uploads\/2024\/10\/taxi-transfer-370x491.jpeg\" class=\"blog-card__image wp-post-image\" alt=\"\" \/>\t\t\t\t\t\t\t\t<div class=\"blog-card__overlay\">\r\n\t\t\t\t\t\t\t\t\t<span class=\"blog-card__plus icon-plus\"><\/span>\r\n\t\t\t\t\t\t\t\t<\/div><!-- \/.blog-card__overlay -->\r\n\t\t\t\t\t\t\t<\/a><!-- \/.blog-card__image-link -->\r\n\t\t\t\t\t\t\t<div class=\"blog-card__content\">\r\n\t\t\t\t\t\t\t\t<div class=\"blog-card__date\">\r\n\t\t\t\t\t\t\t\t\t<h4 class=\"blog-card__date-number\">23<\/h4>\r\n\t\t\t\t\t\t\t\t\t<h4 class=\"blog-card__date-month\">Nov<\/h4>\r\n\t\t\t\t\t\t\t\t<\/div><!-- \/.blog-card__date -->\r\n\t\t\t\t\t\t\t\t<ul class=\"blog-card__meta\">\r\n\t\t\t\t\t\t\t\t\t<li>\r\n\t\t\t\t\t\t\t\t\t\t<span class=\"blog-card__meta-icon icon-user\"><\/span>\r\n\t\t\t\t\t\t\t\t\t\t<span class=\"blog-card__meta-author\">by  arnold.fosso@vccl.tech<\/span>\r\n\t\t\t\t\t\t\t\t\t<\/li>\r\n\t\t\t\t\t\t\t\t\t<li>\r\n\t\t\t\t\t\t\t\t\t\t<span class=\"comments-link\"><i class=\"blog-card__meta-icon icon-chat\"><\/i> <a href=\"https:\/\/antianatravel.com\/en\/reves-de-sakura-et-contes-de-samourai\/#comments\">2 Comments<span class=\"screen-reader-text\"> on 5 Exp\u00e9riences de voyage \u00e0 couper le souffle<\/span><\/a><\/span>\t\t\t\t\t\t\t\t\t<\/li>\r\n\t\t\t\t\t\t\t\t<\/ul><!-- \/.blog-card__meta -->\r\n\t\t\t\t\t\t\t\t<h3 class=\"blog-card__title\"><a href=\"https:\/\/antianatravel.com\/en\/reves-de-sakura-et-contes-de-samourai\/\">5 Breathtaking travel experiences<\/a><\/h3><!-- \/.blog-card__title -->\r\n\t\t\t\t\t\t\t\t<a href=\"https:\/\/antianatravel.com\/en\/reves-de-sakura-et-contes-de-samourai\/\" class=\"blog-card__link\">\r\n\t\t\t\t\t\t\t\t\tRead more\t\t\t\t\t\t\t\t\t<i aria-hidden=\"true\" class=\"fas fa-arrow-right\"><\/i>\t\t\t\t\t\t\t\t<\/a><!-- \/.blog-card__link -->\r\n\t\t\t\t\t\t\t<\/div><!-- \/.blog-card__content -->\r\n\t\t\t\t\t\t<\/div><!-- \/.blog-card -->\r\n\t\t\t\t\t<\/div><!-- \/.col-md-6 col-xl-4 -->\r\n\t\t\t\t\t\t\t\t\t<div class=\"col-md-6 col-xl-4 wow animated fadeInUp\" data-wow-delay=\"0.1s\" data-wow-duration=\"1500ms\">\r\n\t\t\t\t\t\t<div class=\"blog-card\">\r\n\t\t\t\t\t\t\t<a href=\"https:\/\/antianatravel.com\/en\/voyager-sans-stress-nos-astuces-pour-une-experience-de-voyage-inoubliable\/\" class=\"blog-card__image-link\">\r\n\t\t\t\t\t\t\t\t<img decoding=\"async\" width=\"370\" height=\"495\" src=\"https:\/\/antianatravel.com\/wp-content\/uploads\/2023\/11\/blog-8-1-370x495.jpg\" class=\"blog-card__image wp-post-image\" alt=\"alt\" \/>\t\t\t\t\t\t\t\t<div class=\"blog-card__overlay\">\r\n\t\t\t\t\t\t\t\t\t<span class=\"blog-card__plus icon-plus\"><\/span>\r\n\t\t\t\t\t\t\t\t<\/div><!-- \/.blog-card__overlay -->\r\n\t\t\t\t\t\t\t<\/a><!-- \/.blog-card__image-link -->\r\n\t\t\t\t\t\t\t<div class=\"blog-card__content\">\r\n\t\t\t\t\t\t\t\t<div class=\"blog-card__date\">\r\n\t\t\t\t\t\t\t\t\t<h4 class=\"blog-card__date-number\">23<\/h4>\r\n\t\t\t\t\t\t\t\t\t<h4 class=\"blog-card__date-month\">Nov<\/h4>\r\n\t\t\t\t\t\t\t\t<\/div><!-- \/.blog-card__date -->\r\n\t\t\t\t\t\t\t\t<ul class=\"blog-card__meta\">\r\n\t\t\t\t\t\t\t\t\t<li>\r\n\t\t\t\t\t\t\t\t\t\t<span class=\"blog-card__meta-icon icon-user\"><\/span>\r\n\t\t\t\t\t\t\t\t\t\t<span class=\"blog-card__meta-author\">by  arnold.fosso@vccl.tech<\/span>\r\n\t\t\t\t\t\t\t\t\t<\/li>\r\n\t\t\t\t\t\t\t\t\t<li>\r\n\t\t\t\t\t\t\t\t\t\t<span class=\"comments-link\"><i class=\"blog-card__meta-icon icon-chat\"><\/i> <a href=\"https:\/\/antianatravel.com\/en\/voyager-sans-stress-nos-astuces-pour-une-experience-de-voyage-inoubliable\/#comments\">2 Comments<span class=\"screen-reader-text\"> on Voyager sans stress : nos astuces pour une exp\u00e9rience de voyage inoubliable<\/span><\/a><\/span>\t\t\t\t\t\t\t\t\t<\/li>\r\n\t\t\t\t\t\t\t\t<\/ul><!-- \/.blog-card__meta -->\r\n\t\t\t\t\t\t\t\t<h3 class=\"blog-card__title\"><a href=\"https:\/\/antianatravel.com\/en\/voyager-sans-stress-nos-astuces-pour-une-experience-de-voyage-inoubliable\/\">Stress-free travel: our tips for an unforgettable travel experience<\/a><\/h3><!-- \/.blog-card__title -->\r\n\t\t\t\t\t\t\t\t<a href=\"https:\/\/antianatravel.com\/en\/voyager-sans-stress-nos-astuces-pour-une-experience-de-voyage-inoubliable\/\" class=\"blog-card__link\">\r\n\t\t\t\t\t\t\t\t\tRead more\t\t\t\t\t\t\t\t\t<i aria-hidden=\"true\" class=\"fas fa-arrow-right\"><\/i>\t\t\t\t\t\t\t\t<\/a><!-- \/.blog-card__link -->\r\n\t\t\t\t\t\t\t<\/div><!-- \/.blog-card__content -->\r\n\t\t\t\t\t\t<\/div><!-- \/.blog-card -->\r\n\t\t\t\t\t<\/div><!-- \/.col-md-6 col-xl-4 -->\r\n\t\t\t\t\t\t\t\t\t<div class=\"col-md-6 col-xl-4 wow animated fadeInUp\" data-wow-delay=\"0.1s\" data-wow-duration=\"1500ms\">\r\n\t\t\t\t\t\t<div class=\"blog-card\">\r\n\t\t\t\t\t\t\t<a href=\"https:\/\/antianatravel.com\/en\/les-secrets-des-destinations-inexplorees-ou-partir-en-2024\/\" class=\"blog-card__image-link\">\r\n\t\t\t\t\t\t\t\t<img decoding=\"async\" width=\"370\" height=\"495\" src=\"https:\/\/antianatravel.com\/wp-content\/uploads\/2023\/11\/blog-03-370x495.png\" class=\"blog-card__image wp-post-image\" alt=\"alt\" \/>\t\t\t\t\t\t\t\t<div class=\"blog-card__overlay\">\r\n\t\t\t\t\t\t\t\t\t<span class=\"blog-card__plus icon-plus\"><\/span>\r\n\t\t\t\t\t\t\t\t<\/div><!-- \/.blog-card__overlay -->\r\n\t\t\t\t\t\t\t<\/a><!-- \/.blog-card__image-link -->\r\n\t\t\t\t\t\t\t<div class=\"blog-card__content\">\r\n\t\t\t\t\t\t\t\t<div class=\"blog-card__date\">\r\n\t\t\t\t\t\t\t\t\t<h4 class=\"blog-card__date-number\">23<\/h4>\r\n\t\t\t\t\t\t\t\t\t<h4 class=\"blog-card__date-month\">Nov<\/h4>\r\n\t\t\t\t\t\t\t\t<\/div><!-- \/.blog-card__date -->\r\n\t\t\t\t\t\t\t\t<ul class=\"blog-card__meta\">\r\n\t\t\t\t\t\t\t\t\t<li>\r\n\t\t\t\t\t\t\t\t\t\t<span class=\"blog-card__meta-icon icon-user\"><\/span>\r\n\t\t\t\t\t\t\t\t\t\t<span class=\"blog-card__meta-author\">by  arnold.fosso@vccl.tech<\/span>\r\n\t\t\t\t\t\t\t\t\t<\/li>\r\n\t\t\t\t\t\t\t\t\t<li>\r\n\t\t\t\t\t\t\t\t\t\t<span class=\"comments-link\"><i class=\"blog-card__meta-icon icon-chat\"><\/i> <a href=\"https:\/\/antianatravel.com\/en\/les-secrets-des-destinations-inexplorees-ou-partir-en-2024\/#comments\">2 Comments<span class=\"screen-reader-text\"> on Les secrets des destinations inexplor\u00e9es : O\u00f9 partir en 2024 ?<\/span><\/a><\/span>\t\t\t\t\t\t\t\t\t<\/li>\r\n\t\t\t\t\t\t\t\t<\/ul><!-- \/.blog-card__meta -->\r\n\t\t\t\t\t\t\t\t<h3 class=\"blog-card__title\"><a href=\"https:\/\/antianatravel.com\/en\/les-secrets-des-destinations-inexplorees-ou-partir-en-2024\/\">The secrets of unexplored destinations: Where to go in 2024?<\/a><\/h3><!-- \/.blog-card__title -->\r\n\t\t\t\t\t\t\t\t<a href=\"https:\/\/antianatravel.com\/en\/les-secrets-des-destinations-inexplorees-ou-partir-en-2024\/\" class=\"blog-card__link\">\r\n\t\t\t\t\t\t\t\t\tRead more\t\t\t\t\t\t\t\t\t<i aria-hidden=\"true\" class=\"fas fa-arrow-right\"><\/i>\t\t\t\t\t\t\t\t<\/a><!-- \/.blog-card__link -->\r\n\t\t\t\t\t\t\t<\/div><!-- \/.blog-card__content -->\r\n\t\t\t\t\t\t<\/div><!-- \/.blog-card -->\r\n\t\t\t\t\t<\/div><!-- \/.col-md-6 col-xl-4 -->\r\n\t\t\t\t\t\t\t\t\t\t\t\t\t<div class=\"col-lg-12\">\r\n\t\t\t\t\t\t<div class=\"blog-pagination portfolio-page__btn-box justify-content-center text-center\">\r\n\t\t\t\t\t\t\t\t\t\t\t\t\t<\/div><!-- \/.blog-post-pagination -->\r\n\t\t\t\t\t<\/div><!-- \/.col-lg-12 -->\r\n\t\t\t\t\t\t\t\t\t\t\t<\/div><!-- \/.row -->\r\n\t\t<\/div><!-- \/.container -->\r\n\t<\/div><!-- \/.blog-page -->\r\n\t<!-- Blog Page End -->\r\n\r\n\t\t\t\t<\/div>\n\t\t\t\t<\/div>\n\t\t\t\t<\/div>\n\t\t<div class=\"elementor-element elementor-element-2f80940 e-flex e-con-boxed e-con e-parent\" data-id=\"2f80940\" data-element_type=\"container\" data-e-type=\"container\">\n\t\t\t\t\t<div class=\"e-con-inner\">\n\t\t<div class=\"elementor-element elementor-element-fea1738 e-con-full e-flex e-con e-child\" data-id=\"fea1738\" data-element_type=\"container\" data-e-type=\"container\">\n\t\t\t\t<div class=\"elementor-element elementor-element-38dd69d elementor-widget elementor-widget-trevlo-testimonials\" data-id=\"38dd69d\" data-element_type=\"widget\" data-e-type=\"widget\" data-widget_type=\"trevlo-testimonials.default\">\n\t\t\t\t<div class=\"elementor-widget-container\">\n\t\t\t\t\t\r\n    <!-- Testimonial One Start -->\r\n    <section class=\"testimonial-one testimonial-one--home\">\r\n        <div class=\"testimonial-one__bg\" style=\"background-image: url(https:\/\/antianatravel-com.preview-domain.com\/wp-content\/uploads\/2023\/11\/testimonial-1-bg-2.png);\">\r\n        <\/div><!-- \/.testimonial-one__bg -->\r\n        <div class=\"container\">\r\n            <div class=\"sec-title text-center\">\r\n                <p class=\"sec-title__tagline\">Testimonial<\/p><h2 class=\"sec-title__title\">What our clients <br>\n say ?<\/h2>            <\/div><!-- \/.sec-title --><!-- \/.sec-title -->\r\n        <\/div><!-- \/.container -->\r\n        <div class=\"container\">\r\n            <div class=\"testimonial-one__carousel trevlo-owl__carousel trevlo-owl__carousel--basic-nav trevlo-owl__carousel--with-shadow owl-theme owl-carousel\" data-owl-options='        {        &quot;loop&quot;: true,        &quot;margin&quot;: 30,        &quot;items&quot;: 3        ,&quot;nav&quot;: false                    ,&quot;autoplay&quot;: true            ,&quot;autoplayTimeout&quot;: 5000                            ,&quot;animateOut&quot;: &quot;&quot;            ,&quot;animateIn&quot;: &quot;&quot;                            ,&quot;autoplayHoverPause&quot;: true                        ,&quot;dots&quot;: false        ,&quot;smartSpeed&quot;: 700                    ,            &quot;responsive&quot;:            {                            &quot;0&quot;: {                &quot;margin&quot;: 0,                &quot;items&quot;: 1                },                            &quot;768&quot;: {                &quot;margin&quot;: 30,                &quot;items&quot;: 2                },                            &quot;1200&quot;: {                &quot;margin&quot;: 42,                &quot;items&quot;: 3                }                        }                }    '>\r\n                                    <div class=\"item\">\r\n                        <div class=\"testimonials-card\">\r\n                            <div class=\"testimonials-card__image\">\r\n                                <img decoding=\"async\" src=\"https:\/\/antianatravel.com\/wp-content\/uploads\/2023\/11\/guide-2-4.jpg\" alt=\"alt\" title=\"guide-2-4\" >                            <\/div>\r\n                            <div class=\"testimonials-card__meta\">\r\n                                <h5 class=\"testimonials-card__meta__name\">\r\n                                    Vincent N                                <\/h5>\r\n                                <p class=\"testimonials-card__meta__designation\">Canada<\/p>\r\n                            <\/div><!-- \/.testimonials-card__meta -->\r\n                            <div class=\"testimonials-card__ratings\">\r\n                                                                    <span class=\"icon-star\"><\/span>\r\n                                                                    <span class=\"icon-star\"><\/span>\r\n                                                                    <span class=\"icon-star\"><\/span>\r\n                                                                    <span class=\"icon-star\"><\/span>\r\n                                                                    <span class=\"icon-star\"><\/span>\r\n                                                            <\/div><!-- \/.testimonials-card__ratings -->\r\n                            <div class=\"testimonials-card__quote\">The blog articles are well written and very useful for preparing my trip. I discovered tips that I would never have found elsewhere.<\/div><!-- \/.testimonials-card__quote -->\r\n                        <\/div><!-- \/.testimonials-card -->\r\n                    <\/div><!-- \/.owl-slide-item-->\r\n                                    <div class=\"item\">\r\n                        <div class=\"testimonials-card\">\r\n                            <div class=\"testimonials-card__image\">\r\n                                <img decoding=\"async\" src=\"https:\/\/antianatravel.com\/wp-content\/uploads\/2023\/11\/slider-3-author-2.png\" alt=\"alt\" title=\"slider-3-author-2\" >                            <\/div>\r\n                            <div class=\"testimonials-card__meta\">\r\n                                <h5 class=\"testimonials-card__meta__name\">\r\n                                    L\u00e9a C                                <\/h5>\r\n                                <p class=\"testimonials-card__meta__designation\">France<\/p>\r\n                            <\/div><!-- \/.testimonials-card__meta -->\r\n                            <div class=\"testimonials-card__ratings\">\r\n                                                                    <span class=\"icon-star\"><\/span>\r\n                                                                    <span class=\"icon-star\"><\/span>\r\n                                                                    <span class=\"icon-star\"><\/span>\r\n                                                                    <span class=\"icon-star\"><\/span>\r\n                                                                    <span class=\"icon-star\"><\/span>\r\n                                                            <\/div><!-- \/.testimonials-card__ratings -->\r\n                            <div class=\"testimonials-card__quote\">The Antiana Travel blog is a real goldmine for travellers. I'm using it as inspiration for every stage of my itinerary<\/div><!-- \/.testimonials-card__quote -->\r\n                        <\/div><!-- \/.testimonials-card -->\r\n                    <\/div><!-- \/.owl-slide-item-->\r\n                                    <div class=\"item\">\r\n                        <div class=\"testimonials-card\">\r\n                            <div class=\"testimonials-card__image\">\r\n                                <img decoding=\"async\" src=\"https:\/\/antianatravel.com\/wp-content\/uploads\/2023\/11\/guide-2-1.jpg\" alt=\"alt\" title=\"guide-2-1\" >                            <\/div>\r\n                            <div class=\"testimonials-card__meta\">\r\n                                <h5 class=\"testimonials-card__meta__name\">\r\n                                    Gregoire B                                <\/h5>\r\n                                <p class=\"testimonials-card__meta__designation\">Canada<\/p>\r\n                            <\/div><!-- \/.testimonials-card__meta -->\r\n                            <div class=\"testimonials-card__ratings\">\r\n                                                                    <span class=\"icon-star\"><\/span>\r\n                                                                    <span class=\"icon-star\"><\/span>\r\n                                                                    <span class=\"icon-star\"><\/span>\r\n                                                                    <span class=\"icon-star\"><\/span>\r\n                                                                    <span class=\"icon-star\"><\/span>\r\n                                                            <\/div><!-- \/.testimonials-card__ratings -->\r\n                            <div class=\"testimonials-card__quote\">I found some amazing travel tips and activity ideas in their blog. A great resource for travel enthusiasts<\/div><!-- \/.testimonials-card__quote -->\r\n                        <\/div><!-- \/.testimonials-card -->\r\n                    <\/div><!-- \/.owl-slide-item-->\r\n                            <\/div><!-- \/.thm-owl__slider -->\r\n        <\/div><!-- \/.container -->\r\n    <\/section>\r\n    <!-- Testimonial One End -->\r\n\r\n\r\n\t\t\t\t<\/div>\n\t\t\t\t<\/div>\n\t\t\t\t<\/div>\n\t\t\t\t\t<\/div>\n\t\t\t\t<\/div>\n\t\t<div class=\"elementor-element elementor-element-7d3fefc e-con-full e-flex e-con e-parent\" data-id=\"7d3fefc\" data-element_type=\"container\" data-e-type=\"container\">\n\t\t\t\t<div class=\"elementor-element elementor-element-8f2d711 elementor-widget elementor-widget-trevlo-gallery\" data-id=\"8f2d711\" data-element_type=\"widget\" data-e-type=\"widget\" data-widget_type=\"trevlo-gallery.default\">\n\t\t\t\t<div class=\"elementor-widget-container\">\n\t\t\t\t\t    <section class=\"gallery-instagram-one\">\r\n        <div class=\"container-fluid\">\r\n            <div class=\"gallery-instagram-one__carousel trevlo-owl__carousel trevlo-owl__carousel--basic-nav owl-carousel\" data-owl-options='        {        &quot;loop&quot;: true,        &quot;margin&quot;: 0,        &quot;items&quot;: 1        ,&quot;nav&quot;: false                    ,&quot;autoplay&quot;: true            ,&quot;autoplayTimeout&quot;: 5000                            ,&quot;animateOut&quot;: &quot;&quot;            ,&quot;animateIn&quot;: &quot;&quot;                            ,&quot;autoplayHoverPause&quot;: true                        ,&quot;dots&quot;: false        ,&quot;smartSpeed&quot;: 700                    ,            &quot;responsive&quot;:            {                            &quot;0&quot;: {                &quot;margin&quot;: 0,                &quot;items&quot;: 1                },                            &quot;500&quot;: {                &quot;margin&quot;: 30,                &quot;items&quot;: 2                },                            &quot;768&quot;: {                &quot;margin&quot;: 30,                &quot;items&quot;: 3                },                            &quot;1200&quot;: {                &quot;margin&quot;: 30,                &quot;items&quot;: 4                },                            &quot;1400&quot;: {                &quot;margin&quot;: 30,                &quot;items&quot;: 5                }                        }                }    '>\r\n                                                            <div class=\"item\">\r\n                            <div class=\"gallery-instagram-one__image gallery-instagram-one__image--circle\">\r\n                                <img decoding=\"async\" src=\"https:\/\/antianatravel.com\/wp-content\/uploads\/2024\/03\/gallery-instagram-1-1.png\" alt=\"gallery-instagram-1-1\" title=\"gallery-instagram-1-1\" >                                <a href=\"https:\/\/antianatravel-com.preview-domain.com\/wp-content\/uploads\/2024\/03\/gallery-instagram-1-1.png\" class=\"gallery-instagram-one__image__link\">\r\n                                    <i aria-hidden=\"true\" class=\"trevlo-one-icon-instagram\"><\/i>                                <\/a><!-- \/.gallery-instagram-one__image__link -->\r\n                            <\/div><!-- \/.gallery-instagram-one__image -->\r\n                        <\/div><!-- \/.item -->\r\n                                                                                <div class=\"item\">\r\n                            <div class=\"gallery-instagram-one__image gallery-instagram-one__image--square\">\r\n                                <img decoding=\"async\" src=\"https:\/\/antianatravel.com\/wp-content\/uploads\/2024\/03\/gallery-instagram-1-2.png\" alt=\"gallery-instagram-1-2\" title=\"gallery-instagram-1-2\" >                                <a href=\"https:\/\/antianatravel-com.preview-domain.com\/wp-content\/uploads\/2024\/03\/gallery-instagram-1-2.png\" class=\"gallery-instagram-one__image__link\">\r\n                                    <i aria-hidden=\"true\" class=\"trevlo-one-icon-instagram\"><\/i>                                <\/a><!-- \/.gallery-instagram-one__image__link -->\r\n                            <\/div><!-- \/.gallery-instagram-one__image -->\r\n                        <\/div><!-- \/.item -->\r\n                                                                                <div class=\"item\">\r\n                            <div class=\"gallery-instagram-one__image gallery-instagram-one__image--circle\">\r\n                                <img decoding=\"async\" src=\"https:\/\/antianatravel.com\/wp-content\/uploads\/2024\/03\/gallery-instagram-1-3.png\" alt=\"gallery-instagram-1-3\" title=\"gallery-instagram-1-3\" >                                <a href=\"https:\/\/antianatravel-com.preview-domain.com\/wp-content\/uploads\/2024\/03\/gallery-instagram-1-3.png\" class=\"gallery-instagram-one__image__link\">\r\n                                    <i aria-hidden=\"true\" class=\"trevlo-one-icon-instagram\"><\/i>                                <\/a><!-- \/.gallery-instagram-one__image__link -->\r\n                            <\/div><!-- \/.gallery-instagram-one__image -->\r\n                        <\/div><!-- \/.item -->\r\n                                                                                <div class=\"item\">\r\n                            <div class=\"gallery-instagram-one__image gallery-instagram-one__image--square\">\r\n                                <img decoding=\"async\" src=\"https:\/\/antianatravel.com\/wp-content\/uploads\/2024\/03\/gallery-instagram-1-4.png\" alt=\"gallery-instagram-1-4\" title=\"gallery-instagram-1-4\" >                                <a href=\"https:\/\/antianatravel-com.preview-domain.com\/wp-content\/uploads\/2024\/03\/gallery-instagram-1-4.png\" class=\"gallery-instagram-one__image__link\">\r\n                                    <i aria-hidden=\"true\" class=\"trevlo-one-icon-instagram\"><\/i>                                <\/a><!-- \/.gallery-instagram-one__image__link -->\r\n                            <\/div><!-- \/.gallery-instagram-one__image -->\r\n                        <\/div><!-- \/.item -->\r\n                                                                                <div class=\"item\">\r\n                            <div class=\"gallery-instagram-one__image gallery-instagram-one__image--circle\">\r\n                                <img decoding=\"async\" src=\"https:\/\/antianatravel.com\/wp-content\/uploads\/2024\/03\/gallery-instagram-1-5.png\" alt=\"alt\" title=\"gallery-instagram-1-5\" >                                <a href=\"https:\/\/antianatravel-com.preview-domain.com\/wp-content\/uploads\/2024\/03\/gallery-instagram-1-5.png\" class=\"gallery-instagram-one__image__link\">\r\n                                    <i aria-hidden=\"true\" class=\"trevlo-one-icon-instagram\"><\/i>                                <\/a><!-- \/.gallery-instagram-one__image__link -->\r\n                            <\/div><!-- \/.gallery-instagram-one__image -->\r\n                        <\/div><!-- \/.item -->\r\n                                                <\/div><!-- \/.gallery-instagram-one__carousel -->\r\n        <\/div><!-- \/.container-fluid -->\r\n    <\/section><!-- \/.gallery-instagram-one -->\r\n\t\t\t\t<\/div>\n\t\t\t\t<\/div>\n\t\t\t\t<\/div>\n\t\t\t\t<\/div>","protected":false},"excerpt":{"rendered":"<p>Inspirations, conseils et id\u00e9es Tout ce qu&rsquo;il vous faut pour planifier des voyages inoubliables 23 Nov by arnold.fosso@vccl.tech 2 Comments on 5 Exp\u00e9riences de voyage \u00e0 couper le souffle 5 Exp\u00e9riences de voyage \u00e0 couper le souffle Lire Plus 23 Nov by arnold.fosso@vccl.tech 2 Comments on Voyager sans stress : nos astuces pour une exp\u00e9rience [&hellip;]<\/p>","protected":false},"author":1,"featured_media":0,"parent":0,"menu_order":0,"comment_status":"closed","ping_status":"closed","template":"elementor_header_footer","meta":{"footnotes":""},"class_list":["post-1127","page","type-page","status-publish","hentry"],"aioseo_notices":[],"_links":{"self":[{"href":"https:\/\/antianatravel.com\/en\/wp-json\/wp\/v2\/pages\/1127"}],"collection":[{"href":"https:\/\/antianatravel.com\/en\/wp-json\/wp\/v2\/pages"}],"about":[{"href":"https:\/\/antianatravel.com\/en\/wp-json\/wp\/v2\/types\/page"}],"author":[{"embeddable":true,"href":"https:\/\/antianatravel.com\/en\/wp-json\/wp\/v2\/users\/1"}],"replies":[{"embeddable":true,"href":"https:\/\/antianatravel.com\/en\/wp-json\/wp\/v2\/comments?post=1127"}],"version-history":[{"count":28,"href":"https:\/\/antianatravel.com\/en\/wp-json\/wp\/v2\/pages\/1127\/revisions"}],"predecessor-version":[{"id":4530,"href":"https:\/\/antianatravel.com\/en\/wp-json\/wp\/v2\/pages\/1127\/revisions\/4530"}],"wp:attachment":[{"href":"https:\/\/antianatravel.com\/en\/wp-json\/wp\/v2\/media?parent=1127"}],"curies":[{"name":"wp","href":"https:\/\/api.w.org\/{rel}","templated":true}]}}